{"id":7049,"date":"2024-03-20T10:01:29","date_gmt":"2024-03-20T13:01:29","guid":{"rendered":"http:\/\/sepacosaude.com.br\/home\/?page_id=7049"},"modified":"2025-04-25T09:40:22","modified_gmt":"2025-04-25T12:40:22","slug":"beneficiario","status":"publish","type":"page","link":"http:\/\/sepacosaude.com.br\/home\/beneficiario\/","title":{"rendered":"Benefici\u00e1rios"},"content":{"rendered":"<div class='grid-row clearfix'><div class='grid-col grid-col-6'><section class='cws-widget'><section class='cws_widget_content'>\n<p style=\"text-align: left;\"><i class='featured_icon f-left icon_frame fa fa-sign-in fa-4x'><\/i>\n<h2><a title=\"Planos\" href=\"http:\/\/www.sepacosaude.com.br\/home\/sepacosaude_old\/beneficiarios.jsp\">Acesso Restrito<\/a><\/h2>\n<p>Para agilizar o atendimento, tenha em m\u00e3os a Carteira de Identifica\u00e7\u00e3o Sepaco Sa\u00fade.<\/p>\n<hr>\n<p style=\"text-align: left;\"><i class='featured_icon f-left icon_frame fa fa-hospital-o fa-4x'><\/i>\n<h2><a title=\"Planos\" href=\"http:\/\/portal.sepacosaude.com.br\">Altera\u00e7\u00f5es na Rede Credenciada<\/a><\/h2>\n<p>Confira as altera\u00e7\u00f5es na Rede Credenciada Sepaco Sa\u00fade.<\/p>\n<\/section><\/section><\/div><div class='grid-col grid-col-6'><section class='cws-widget'><section class='cws_widget_content'>\n<p style=\"text-align: left;\"><i class='featured_icon f-left icon_frame fa fa fa-credit-card fa-4x'><\/i>\n<h2><a title=\"Planos\" href=\"http:\/\/www.sepacosaude.com.br\/boleto2viaitau\/index3.jsp\" target=\"_blank\" rel=\"noopener noreferrer\">Boletos em Aberto<\/a><\/h2>\n<p>Clique para realizar a emiss\u00e3o e a impress\u00e3o da segunda via do boleto de pagamento.<\/p>\n<hr>\n<i class='featured_icon f-left icon_frame fa fa-search-plus fa-4x'><\/i>\n<h2><a title=\"Buscar na Rede Credenciada\" href=\"http:\/\/sepacosaude.com.br\/home\/alteracoes-na-rede-credenciada\/\">Buscar na Rede Credenciada<\/a><\/h2>\n<p>Clique para acessar os reajustes.<\/p>\n<hr>\n<i class='featured_icon f-left icon_frame fa fa-search-plus fa-4x'><\/i>\n<h2><a title=\"Buscar na Rede Credenciada\" href=\"https:\/\/sepacosaude.com.br\/home\/reajuste-pme\/\">Reajuste PME<\/a><\/h2>\n<p>Clique para acessar e pesquisar em toda a Rede Credenciada Sepaco Sa\u00fade.<\/p>\n<\/section><\/section><\/div><\/div>\n<!-- AddThis Advanced Settings generic via filter on the_content --><!-- AddThis Share Buttons generic via filter on the_content -->","protected":false},"excerpt":{"rendered":"<p><!-- AddThis Advanced Settings generic via filter on get_the_excerpt --><!-- AddThis Share Buttons generic via filter on get_the_excerpt --><\/p>\n","protected":false},"author":1,"featured_media":0,"parent":0,"menu_order":0,"comment_status":"closed","ping_status":"closed","template":"","meta":{"advgb_blocks_editor_width":"","advgb_blocks_columns_visual_guide":"","ub_ctt_via":"","_mi_skip_tracking":false},"featured_image_src":null,"coauthors":[],"author_meta":{"author_link":"http:\/\/sepacosaude.com.br\/home\/author\/master\/","display_name":"master"},"relative_dates":{"created":"Posted 2 anos ago","modified":"Updated 12 meses ago"},"absolute_dates":{"created":"Posted on mar\u00e7o de 2024","modified":"Updated on abril de 2025"},"absolute_dates_time":{"created":"Posted on mar\u00e7o de 2024 10:01","modified":"Updated on abril de 2025 09:40"},"featured_img_caption":"","featured_img":false,"featured_image_src_square":null,"_links":{"self":[{"href":"http:\/\/sepacosaude.com.br\/home\/wp-json\/wp\/v2\/pages\/7049"}],"collection":[{"href":"http:\/\/sepacosaude.com.br\/home\/wp-json\/wp\/v2\/pages"}],"about":[{"href":"http:\/\/sepacosaude.com.br\/home\/wp-json\/wp\/v2\/types\/page"}],"author":[{"embeddable":true,"href":"http:\/\/sepacosaude.com.br\/home\/wp-json\/wp\/v2\/users\/1"}],"replies":[{"embeddable":true,"href":"http:\/\/sepacosaude.com.br\/home\/wp-json\/wp\/v2\/comments?post=7049"}],"version-history":[{"count":9,"href":"http:\/\/sepacosaude.com.br\/home\/wp-json\/wp\/v2\/pages\/7049\/revisions"}],"predecessor-version":[{"id":7308,"href":"http:\/\/sepacosaude.com.br\/home\/wp-json\/wp\/v2\/pages\/7049\/revisions\/7308"}],"wp:attachment":[{"href":"http:\/\/sepacosaude.com.br\/home\/wp-json\/wp\/v2\/media?parent=7049"}],"curies":[{"name":"wp","href":"https:\/\/api.w.org\/{rel}","templated":true}]}}