{"id":3641,"date":"2019-12-30T13:19:11","date_gmt":"2019-12-30T16:19:11","guid":{"rendered":"http:\/\/sepacosaude.com.br\/home\/?page_id=3641"},"modified":"2019-12-30T15:36:02","modified_gmt":"2019-12-30T18:36:02","slug":"baixe-o-aplicativo-do-sepaco-saude","status":"publish","type":"page","link":"http:\/\/sepacosaude.com.br\/home\/baixe-o-aplicativo-do-sepaco-saude\/","title":{"rendered":"Baixe o aplicativo do Sepaco Sa\u00fade"},"content":{"rendered":"<div class='grid-row clearfix'><div class='grid-col grid-col-6'><section class='cws-widget'><section class='cws_widget_content'>\n<p><img loading=\"lazy\" decoding=\"async\" class=\"alignnone wp-image-4068\" src=\"http:\/\/www.sepacoautogestao.org.br\/home\/wp-content\/uploads\/2019\/05\/AppSepaco.jpg\" alt=\"\" width=\"500\" height=\"707\" \/><\/p>\n<p>&nbsp;<\/p>\n<\/section><\/section><\/div><div class='grid-col grid-col-6'><section class='cws-widget'><section class='cws_widget_content'>\n<p>O aplicativo do Sepaco Autogest\u00e3o chegou para facilitar a sua vida e agilizar o acesso aos principais servi\u00e7os da sua operadora de sa\u00fade:<\/p>\n<ul>\n<li>Carteirinha virtual<\/li>\n<li>Busca de rede credenciada<\/li>\n<li>Consulta de altera\u00e7\u00f5es na rede credenciada<\/li>\n<li>Mensagens exclusivas<\/li>\n<li>Dicas de sa\u00fade e novidades sobre o seu plano<\/li>\n<li>Consulta dos dados cadastrais<\/li>\n<li>Atualiza\u00e7\u00f5es autom\u00e1ticas com novas funcionalidades<\/li>\n<\/ul>\n<p>&nbsp;<\/p>\n<p>Baixe agora na loja do seu celular*:<\/p>\n<p>&nbsp;<\/p>\n<p><a href=\"https:\/\/play.google.com\/store\/apps\/details?id=br.com.mobilesaude.sepaco\" target=\"_blank\" rel=\"noopener noreferrer\"><strong><img loading=\"lazy\" decoding=\"async\" class=\"alignleft wp-image-4072\" src=\"http:\/\/www.sepacoautogestao.org.br\/home\/wp-content\/uploads\/2019\/05\/google-play-badge.png\" alt=\"\" width=\"150\" height=\"58\" \/><\/strong><\/a> <a href=\"https:\/\/apps.apple.com\/br\/app\/sepaco\/id1466990315\" target=\"_blank\" rel=\"noopener noreferrer\"><img loading=\"lazy\" decoding=\"async\" class=\"wp-image-4082 alignleft\" src=\"http:\/\/www.sepacoautogestao.org.br\/home\/wp-content\/uploads\/2019\/05\/Apple-Store-Badge.png\" alt=\"\" width=\"150\" height=\"58\" \/><\/a><\/p>\n<h6><\/h6>\n<h6><\/h6>\n<h6><\/h6>\n<p>&nbsp;<\/p>\n<p>&nbsp;<\/p>\n<p>&nbsp;<\/p>\n<h6>* Google Play e o logotipo do Google Play s\u00e3o marcas comerciais da Google LLC.<\/h6>\n<h6>* Apple, o logo da Apple, iPhone, e iPad s\u00e3o marcas registradas da Apple Inc., registradas nos Estados Unidos e em outros pa\u00edses e regi\u00f5es. App Store \u00e9 um servi\u00e7o da Apple Inc.<\/h6>\n<\/section><\/section><\/div><\/div><div class='grid-row clearfix'><div class='grid-col grid-col-3'><\/div><div class='grid-col grid-col-3'><\/div><div class='grid-col grid-col-6'><\/div><\/div>\n<!-- AddThis Advanced Settings generic via filter on the_content --><!-- AddThis Share Buttons generic via filter on the_content -->","protected":false},"excerpt":{"rendered":"<p><!-- AddThis Advanced Settings generic via filter on get_the_excerpt --><!-- AddThis Share Buttons generic via filter on get_the_excerpt --><\/p>\n","protected":false},"author":1,"featured_media":0,"parent":0,"menu_order":0,"comment_status":"closed","ping_status":"closed","template":"","meta":{"advgb_blocks_editor_width":"","advgb_blocks_columns_visual_guide":"","ub_ctt_via":"","_mi_skip_tracking":false,"footnotes":""},"class_list":["post-3641","page","type-page","status-publish","hentry"],"featured_image_src":null,"coauthors":[],"author_meta":{"author_link":"http:\/\/sepacosaude.com.br\/home\/author\/master\/","display_name":"master"},"relative_dates":{"created":"Posted 6 anos ago","modified":"Updated 6 anos ago"},"absolute_dates":{"created":"Posted on dezembro de 2019","modified":"Updated on dezembro de 2019"},"absolute_dates_time":{"created":"Posted on dezembro de 2019 13:19","modified":"Updated on dezembro de 2019 15:36"},"featured_img_caption":"","featured_img":false,"featured_image_src_square":null,"_links":{"self":[{"href":"http:\/\/sepacosaude.com.br\/home\/wp-json\/wp\/v2\/pages\/3641","targetHints":{"allow":["GET"]}}],"collection":[{"href":"http:\/\/sepacosaude.com.br\/home\/wp-json\/wp\/v2\/pages"}],"about":[{"href":"http:\/\/sepacosaude.com.br\/home\/wp-json\/wp\/v2\/types\/page"}],"author":[{"embeddable":true,"href":"http:\/\/sepacosaude.com.br\/home\/wp-json\/wp\/v2\/users\/1"}],"replies":[{"embeddable":true,"href":"http:\/\/sepacosaude.com.br\/home\/wp-json\/wp\/v2\/comments?post=3641"}],"version-history":[{"count":1,"href":"http:\/\/sepacosaude.com.br\/home\/wp-json\/wp\/v2\/pages\/3641\/revisions"}],"predecessor-version":[{"id":3642,"href":"http:\/\/sepacosaude.com.br\/home\/wp-json\/wp\/v2\/pages\/3641\/revisions\/3642"}],"wp:attachment":[{"href":"http:\/\/sepacosaude.com.br\/home\/wp-json\/wp\/v2\/media?parent=3641"}],"curies":[{"name":"wp","href":"https:\/\/api.w.org\/{rel}","templated":true}]}}