{"id":3549,"date":"2019-08-22T12:31:54","date_gmt":"2019-08-22T15:31:54","guid":{"rendered":"http:\/\/sepacosaude.com.br\/home\/?page_id=3549"},"modified":"2023-07-25T15:51:17","modified_gmt":"2023-07-25T18:51:17","slug":"prestadores","status":"publish","type":"page","link":"http:\/\/sepacosaude.com.br\/home\/prestadores\/","title":{"rendered":"Prestadores"},"content":{"rendered":"<div class='grid-row clearfix'><div class='grid-col grid-col-6'><section class='cws-widget'><section class='cws_widget_content'>\n<i class='featured_icon f-left icon_frame fa fa-user fa-4x'><\/i>\n<h2><a href=\"http:\/\/portal.sepacosaude.com.br\">Acesso ao Portal<\/a><\/h2>\n<p>Dispon\u00edvel somente para prestadores credenciados<\/p>\n<hr>\n<\/section><\/section><section class='cws-widget'><section class='cws_widget_content'>\n<i class='featured_icon f-left icon_frame fa fa-file-pdf-o fa-4x'><\/i>\n<h2><a href=\"http:\/\/sepacosaude.com.br\/home\/wp-content\/uploads\/2019\/09\/Manual_TISS.pdf\" target=\"_blank\" rel=\"noopener noreferrer\">Manual TISS<\/a><\/h2>\n<p>Manual de boas pr\u00e1ticas e informa\u00e7\u00f5es na sa\u00fade suplementar (TISS)<\/p>\n<hr>\n<\/section><\/section><\/div><div class='grid-col grid-col-6'><section class='cws-widget'><section class='cws_widget_content'>\n<i class='featured_icon f-left icon_frame fa fa-book fa-4x'><\/i>\n<h2><a title=\"Manual do Prestador\" href=\"http:\/\/sepacosaude.com.br\/home\/wp-content\/uploads\/2019\/09\/MANUALDOPRESTADOR-SEPACO-SAUDE.pdf\" target=\"_blank\" rel=\"noopener noreferrer\">Manual do Prestador<\/a><\/h2>\n<p>Agilize o processo de atendimento da sua empresa<\/p>\n<hr>\n<\/section><\/section><section class='cws-widget'><section class='cws_widget_content'>\n<i class='featured_icon f-left icon_frame fa fa-external-link fa-4x'><\/i>\n<h2><a title=\"Manual do Prestador\" href=\"http:\/\/topsaude.sepacoautogestao.org.br\/ace\/ace001a.asp?tp_cliente=\" target=\"_blank\" rel=\"noopener noreferrer\">Acesso ao TopSa\u00fade<\/a><\/h2>\n<p>Clique para acessar o novo sistema do<br \/>\nSepaco Sa\u00fade<\/p>\n<hr>\n<\/section><\/section><\/div><\/div>\n<!-- AddThis Advanced Settings generic via filter on the_content --><!-- AddThis Share Buttons generic via filter on the_content -->","protected":false},"excerpt":{"rendered":"<p><!-- AddThis Advanced Settings generic via filter on get_the_excerpt --><!-- AddThis Share Buttons generic via filter on get_the_excerpt --><\/p>\n","protected":false},"author":1,"featured_media":0,"parent":0,"menu_order":0,"comment_status":"closed","ping_status":"closed","template":"","meta":{"advgb_blocks_editor_width":"","advgb_blocks_columns_visual_guide":"","ub_ctt_via":"","_mi_skip_tracking":false},"featured_image_src":null,"coauthors":[],"author_meta":{"author_link":"http:\/\/sepacosaude.com.br\/home\/author\/master\/","display_name":"master"},"relative_dates":{"created":"Posted 7 anos ago","modified":"Updated 3 anos ago"},"absolute_dates":{"created":"Posted on agosto de 2019","modified":"Updated on julho de 2023"},"absolute_dates_time":{"created":"Posted on agosto de 2019 12:31","modified":"Updated on julho de 2023 15:51"},"featured_img_caption":"","featured_img":false,"featured_image_src_square":null,"_links":{"self":[{"href":"http:\/\/sepacosaude.com.br\/home\/wp-json\/wp\/v2\/pages\/3549"}],"collection":[{"href":"http:\/\/sepacosaude.com.br\/home\/wp-json\/wp\/v2\/pages"}],"about":[{"href":"http:\/\/sepacosaude.com.br\/home\/wp-json\/wp\/v2\/types\/page"}],"author":[{"embeddable":true,"href":"http:\/\/sepacosaude.com.br\/home\/wp-json\/wp\/v2\/users\/1"}],"replies":[{"embeddable":true,"href":"http:\/\/sepacosaude.com.br\/home\/wp-json\/wp\/v2\/comments?post=3549"}],"version-history":[{"count":23,"href":"http:\/\/sepacosaude.com.br\/home\/wp-json\/wp\/v2\/pages\/3549\/revisions"}],"predecessor-version":[{"id":6635,"href":"http:\/\/sepacosaude.com.br\/home\/wp-json\/wp\/v2\/pages\/3549\/revisions\/6635"}],"wp:attachment":[{"href":"http:\/\/sepacosaude.com.br\/home\/wp-json\/wp\/v2\/media?parent=3549"}],"curies":[{"name":"wp","href":"https:\/\/api.w.org\/{rel}","templated":true}]}}