{"id":3443,"date":"2019-07-30T17:41:35","date_gmt":"2019-07-30T20:41:35","guid":{"rendered":"http:\/\/sepacosaude.com.br\/home\/?page_id=3443"},"modified":"2024-08-07T13:03:32","modified_gmt":"2024-08-07T16:03:32","slug":"home","status":"publish","type":"page","link":"http:\/\/sepacosaude.com.br\/home\/","title":{"rendered":"Home"},"content":{"rendered":"<div class='grid-row clearfix'><div class='grid-col grid-col-6'><section class='cws-widget'><section class='cws_widget_content'>\n<p style=\"text-align: left;\"><i class='featured_icon f-left icon_frame fa fa fa-heart fa-4x'><\/i>\n<h2><a title=\"Planos\" href=\"http:\/\/sepacosaude.com.br\/home\/promocao-a-saude\/\">Promo\u00e7\u00e3o \u00e0 Sa\u00fade<\/a><\/h2>\n<p>Preven\u00e7\u00e3o, detec\u00e7\u00e3o e controle de doen\u00e7as com base crit\u00e9rios da Organiza\u00e7\u00e3o Mundial de Sa\u00fade \u2013 OMS.<\/p>\n<hr \/>\n<\/section><\/section><\/div><div class='grid-col grid-col-6'><section class='cws-widget'><section class='cws_widget_content'>\n<p style=\"text-align: left;\"><i class='featured_icon f-left icon_frame fa fa fa-search-plus fa-4x'><\/i>\n<h2><a title=\"Rede de Atendimento\" href=\"\/home\/rede-credenciada\/\">Rede Credenciada<\/a><\/h2>\n<p>Confira a rela\u00e7\u00e3o de hospitais, consult\u00f3rios e cl\u00ednicas que fazem o atendimento do seu plano.<\/p>\n<hr \/>\n<\/section><\/section><\/div><\/div>\n<!-- AddThis Advanced Settings generic via filter on the_content --><!-- AddThis Share Buttons generic via filter on the_content -->","protected":false},"excerpt":{"rendered":"<p><!-- AddThis Advanced Settings generic via filter on get_the_excerpt --><!-- AddThis Share Buttons generic via filter on get_the_excerpt --><\/p>\n","protected":false},"author":1,"featured_media":0,"parent":0,"menu_order":0,"comment_status":"open","ping_status":"closed","template":"","meta":{"advgb_blocks_editor_width":"","advgb_blocks_columns_visual_guide":"","ub_ctt_via":"","_mi_skip_tracking":false},"featured_image_src":null,"coauthors":[],"author_meta":{"author_link":"http:\/\/sepacosaude.com.br\/home\/author\/master\/","display_name":"master"},"relative_dates":{"created":"Posted 7 anos ago","modified":"Updated 2 anos ago"},"absolute_dates":{"created":"Posted on julho de 2019","modified":"Updated on agosto de 2024"},"absolute_dates_time":{"created":"Posted on julho de 2019 17:41","modified":"Updated on agosto de 2024 13:03"},"featured_img_caption":"","featured_img":false,"featured_image_src_square":null,"_links":{"self":[{"href":"http:\/\/sepacosaude.com.br\/home\/wp-json\/wp\/v2\/pages\/3443"}],"collection":[{"href":"http:\/\/sepacosaude.com.br\/home\/wp-json\/wp\/v2\/pages"}],"about":[{"href":"http:\/\/sepacosaude.com.br\/home\/wp-json\/wp\/v2\/types\/page"}],"author":[{"embeddable":true,"href":"http:\/\/sepacosaude.com.br\/home\/wp-json\/wp\/v2\/users\/1"}],"replies":[{"embeddable":true,"href":"http:\/\/sepacosaude.com.br\/home\/wp-json\/wp\/v2\/comments?post=3443"}],"version-history":[{"count":31,"href":"http:\/\/sepacosaude.com.br\/home\/wp-json\/wp\/v2\/pages\/3443\/revisions"}],"predecessor-version":[{"id":7236,"href":"http:\/\/sepacosaude.com.br\/home\/wp-json\/wp\/v2\/pages\/3443\/revisions\/7236"}],"wp:attachment":[{"href":"http:\/\/sepacosaude.com.br\/home\/wp-json\/wp\/v2\/media?parent=3443"}],"curies":[{"name":"wp","href":"https:\/\/api.w.org\/{rel}","templated":true}]}}