{"id":3320,"date":"2019-07-08T17:56:10","date_gmt":"2019-07-08T20:56:10","guid":{"rendered":"http:\/\/sepacosaude.com.br\/home\/?page_id=3320"},"modified":"2024-06-20T11:16:40","modified_gmt":"2024-06-20T14:16:40","slug":"planos","status":"publish","type":"page","link":"http:\/\/sepacosaude.com.br\/home\/planos\/","title":{"rendered":"Planos"},"content":{"rendered":"<h1><b>Planos Empresariais<\/b><\/h1>\n<p>O plano perfeito para atender empresas de diferentes perfis<\/p>\n<p><img loading=\"lazy\" class=\"alignnone size-full wp-image-7141\" src=\"http:\/\/sepacosaude.com.br\/home\/wp-content\/uploads\/2024\/04\/caritinha-1-768x483-1.jpg\" alt=\"\" width=\"768\" height=\"483\" srcset=\"http:\/\/sepacosaude.com.br\/home\/wp-content\/uploads\/2024\/04\/caritinha-1-768x483-1.jpg 768w, http:\/\/sepacosaude.com.br\/home\/wp-content\/uploads\/2024\/04\/caritinha-1-768x483-1-100x62.jpg 100w, http:\/\/sepacosaude.com.br\/home\/wp-content\/uploads\/2024\/04\/caritinha-1-768x483-1-230x144.jpg 230w\" sizes=\"(max-width: 768px) 100vw, 768px\" \/><\/p>\n<p><img loading=\"lazy\" class=\"alignnone size-full wp-image-7142\" src=\"http:\/\/sepacosaude.com.br\/home\/wp-content\/uploads\/2024\/04\/caritinha-2-768x483-1.jpg\" alt=\"\" width=\"768\" height=\"483\" srcset=\"http:\/\/sepacosaude.com.br\/home\/wp-content\/uploads\/2024\/04\/caritinha-2-768x483-1.jpg 768w, http:\/\/sepacosaude.com.br\/home\/wp-content\/uploads\/2024\/04\/caritinha-2-768x483-1-100x62.jpg 100w, http:\/\/sepacosaude.com.br\/home\/wp-content\/uploads\/2024\/04\/caritinha-2-768x483-1-230x144.jpg 230w\" sizes=\"(max-width: 768px) 100vw, 768px\" \/><\/p>\n<h1>Outros planos<\/h1>\n<p><a>Basic Refer\u00eancia<\/a><br \/>\nN\u00ba Registro ANS: 483.175\/19-6Tipo de contrata\u00e7\u00e3o: Coletivo EmpresarialSegmenta\u00e7\u00e3o: Refer\u00eanciaAcomoda\u00e7\u00e3o: ColetivaAbrang\u00eancia: MunicipalAtua\u00e7\u00e3o: S\u00e3o Paulo<\/p>\n<p><a>Basic l<\/a><br \/>\nN\u00ba Registro ANS: 483.305\/19-8Tipo de contrata\u00e7\u00e3o: Coletivo EmpresarialSegmenta\u00e7\u00e3o: Ambulatorial + Hospitalar com Obstetr\u00edciaAcomoda\u00e7\u00e3o: ColetivaAbrang\u00eancia: MunicipalAtua\u00e7\u00e3o: S\u00e3o Paulo<\/p>\n<p><a>Basic ll<\/a><br \/>\nN\u00ba Registro ANS: 483.308\/19-2Tipo de contrata\u00e7\u00e3o: Coletivo EmpresarialSegmenta\u00e7\u00e3o: Ambulatorial + Hospitalar com Obstetr\u00edciaAcomoda\u00e7\u00e3o: IndividualAbrang\u00eancia: MunicipalAtua\u00e7\u00e3o: S\u00e3o Paulo<br \/>\n<a>Basic l Copart<\/a><br \/>\nN\u00ba Registro ANS: 483.307\/19-4Tipo de contrata\u00e7\u00e3o: Coletivo EmpresarialSegmenta\u00e7\u00e3o: Ambulatorial + Hospitalar com Obstetr\u00edciaAcomoda\u00e7\u00e3o: ColetivaAbrang\u00eancia: MunicipalAtua\u00e7\u00e3o: S\u00e3o Paulo<br \/>\n<a>Basic ll Copart<\/a><br \/>\nN\u00ba Registro ANS: 483.306\/19-6Tipo de contrata\u00e7\u00e3o: Coletivo EmpresarialSegmenta\u00e7\u00e3o: Ambulatorial + Hospitalar com Obstetr\u00edciaAcomoda\u00e7\u00e3o: IndividualAbrang\u00eancia: MunicipalAtua\u00e7\u00e3o: S\u00e3o Paulo<\/p>\n<!-- AddThis Advanced Settings generic via filter on the_content --><!-- AddThis Share Buttons generic via filter on the_content -->","protected":false},"excerpt":{"rendered":"<p>Planos Empresariais O plano perfeito para atender empresas de diferentes perfis Outros planos Basic Refer\u00eancia N\u00ba Registro ANS: 483.175\/19-6Tipo de contrata\u00e7\u00e3o: Coletivo EmpresarialSegmenta\u00e7\u00e3o: Refer\u00eanciaAcomoda\u00e7\u00e3o: ColetivaAbrang\u00eancia: MunicipalAtua\u00e7\u00e3o: S\u00e3o Paulo Basic l N\u00ba Registro ANS: 483.305\/19-8Tipo de contrata\u00e7\u00e3o: Coletivo EmpresarialSegmenta\u00e7\u00e3o: Ambulatorial + Hospitalar com Obstetr\u00edciaAcomoda\u00e7\u00e3o: ColetivaAbrang\u00eancia: MunicipalAtua\u00e7\u00e3o: S\u00e3o Paulo Basic ll N\u00ba Registro ANS: 483.308\/19-2Tipo de contrata\u00e7\u00e3o: Coletivo EmpresarialSegmenta\u00e7\u00e3o: Ambulatorial + Hospitalar com Obstetr\u00edciaAcomoda\u00e7\u00e3o: IndividualAbrang\u00eancia: MunicipalAtua\u00e7\u00e3o: S\u00e3o Paulo Basic l Copart N\u00ba Registro ANS: 483.307\/19-4Tipo de contrata\u00e7\u00e3o: Coletivo EmpresarialSegmenta\u00e7\u00e3o: Ambulatorial + Hospitalar com Obstetr\u00edciaAcomoda\u00e7\u00e3o: ColetivaAbrang\u00eancia: MunicipalAtua\u00e7\u00e3o: S\u00e3o Paulo Basic ll Copart N\u00ba Registro ANS: 483.306\/19-6Tipo de contrata\u00e7\u00e3o: Coletivo EmpresarialSegmenta\u00e7\u00e3o: Ambulatorial + Hospitalar com Obstetr\u00edciaAcomoda\u00e7\u00e3o: IndividualAbrang\u00eancia: MunicipalAtua\u00e7\u00e3o: S\u00e3o Paulo<!-- AddThis Advanced Settings generic via filter on get_the_excerpt --><!-- AddThis Share Buttons generic via filter on get_the_excerpt --><\/p>\n","protected":false},"author":1,"featured_media":0,"parent":0,"menu_order":0,"comment_status":"closed","ping_status":"closed","template":"","meta":{"advgb_blocks_editor_width":"","advgb_blocks_columns_visual_guide":"","ub_ctt_via":"","_mi_skip_tracking":false},"featured_image_src":null,"coauthors":[],"author_meta":{"author_link":"http:\/\/sepacosaude.com.br\/home\/author\/master\/","display_name":"master"},"relative_dates":{"created":"Posted 7 anos ago","modified":"Updated 2 anos ago"},"absolute_dates":{"created":"Posted on julho de 2019","modified":"Updated on junho de 2024"},"absolute_dates_time":{"created":"Posted on julho de 2019 17:56","modified":"Updated on junho de 2024 11:16"},"featured_img_caption":"","featured_img":false,"featured_image_src_square":null,"_links":{"self":[{"href":"http:\/\/sepacosaude.com.br\/home\/wp-json\/wp\/v2\/pages\/3320"}],"collection":[{"href":"http:\/\/sepacosaude.com.br\/home\/wp-json\/wp\/v2\/pages"}],"about":[{"href":"http:\/\/sepacosaude.com.br\/home\/wp-json\/wp\/v2\/types\/page"}],"author":[{"embeddable":true,"href":"http:\/\/sepacosaude.com.br\/home\/wp-json\/wp\/v2\/users\/1"}],"replies":[{"embeddable":true,"href":"http:\/\/sepacosaude.com.br\/home\/wp-json\/wp\/v2\/comments?post=3320"}],"version-history":[{"count":26,"href":"http:\/\/sepacosaude.com.br\/home\/wp-json\/wp\/v2\/pages\/3320\/revisions"}],"predecessor-version":[{"id":7239,"href":"http:\/\/sepacosaude.com.br\/home\/wp-json\/wp\/v2\/pages\/3320\/revisions\/7239"}],"wp:attachment":[{"href":"http:\/\/sepacosaude.com.br\/home\/wp-json\/wp\/v2\/media?parent=3320"}],"curies":[{"name":"wp","href":"https:\/\/api.w.org\/{rel}","templated":true}]}}